{"id":6,"date":"2021-04-21T14:09:17","date_gmt":"2021-04-21T14:09:17","guid":{"rendered":"https:\/\/antakarana.com.br\/mesmerize\/"},"modified":"2021-07-14T09:14:54","modified_gmt":"2021-07-14T09:14:54","slug":"mesmerize","status":"publish","type":"page","link":"https:\/\/antahkarana.com.br\/pt\/","title":{"rendered":"Espa\u00e7o Antahkarana"},"content":{"rendered":"<div  id=\"overlappable-4\" style=\"background-color: #ffffff;\" data-label=\"Overlappable\" data-id=\"overlappable-4\" data-export-id=\"overlappable-4\" data-category=\"overlappable\" class=\"overlappable-4 content-section content-section-spacing\" data-overlap=\"true\"><div  class=\"gridContainer\"> <div  data-type=\"row\" class=\"row spaced-cols text-center\"><div  class=\"col-xs-12 col-sm-4 col-padding\"> <a  data-cp-link=\"1\" href=\"#\"><i  class=\"fa icon shadow-large-black aligncenter color1 fa-adjust reverse round large\"><\/i><\/a> <div  data-type=\"column\" class=\"\"> <h5  class=\"\">EQUIL\u00cdBRIO INTERIOR<\/h5> <p  class=\"\">Bem-estar,equilibrio integral&nbsp; e autoconhecimento s\u00e3o as chaves para uma vIda mais realizada e n\u00f3s estamos aqui para te ajudar nesse processo.&nbsp;<\/p><\/div> <\/div> <div  class=\"col-xs-12 col-sm-4 col-padding\"> <i  class=\"fa icon shadow-large-black aligncenter color1 fa-leaf reverse round large\"><\/i> <div  data-type=\"column\" class=\"\"><h5  class=\"\">LEVEZA<\/h5> <p  class=\"\">Atrav\u00e9s do equil\u00edbrio interior, ter\u00e1 mais clareza e firmeza em suas decis\u00f5es, se reconectar\u00e1 profundamente com si mesmo e viver\u00e1 uma vida cada vez mais de acordo com a sua ess\u00eancia&nbsp;<\/p><\/div> <\/div> <div  class=\"col-xs-12 col-sm-4 col-padding\"> <i  class=\"fa icon shadow-large-black aligncenter color1 fa-star-o reverse round large\"><\/i> <div  data-type=\"column\" class=\"\"> <h5  class=\"\">AUTOCONHECIMENTO<\/h5><p  class=\"\">Se conhecer, se priorizar, se colocar em primeiro lugar, e reconher a sua luz interior \u00e9 um dos caminhos para que voc\u00ea possa&nbsp; viver uma vida mais leve.&nbsp;<\/p> <\/div> <\/div><\/div> <\/div><\/div><div  id=\"atendimentos\" style=\"background-color: #f5fafd;\" data-label=\"Atendimentos\" data-id=\"content-2\" data-export-id=\"content-2\" data-category=\"content\" class=\"content-2 content-section content-section-spacing\"><div > <div  class=\"row middle-xs\"><div  class=\"col-sm-5 bg-image shadow-large-black\" data-bg=\"image\" style=\"background-image: url(&quot;https:\/\/antahkarana.com.br\/pt\/wp-content\/uploads\/2021\/04\/cropped-cropped-wellness-991406_960_7201-e1619021187916.jpg&quot;);\"><\/div> <div  class=\"col-sm-7 full-col-left-padding full-col-right-padding\"> <div  class=\"row\"> <div  data-type=\"column\" class=\"space-bottom-small content-title-col content-center-sm\"> <h5  class=\"\">BEM-ESTAR F\u00cdSICO, MENTAL E ESPIRITUAL<\/h5> <h2  class=\"\">ATENDIMENTOS<\/h2> <p  class=\"\">Atrav\u00e9s do reequil\u00edbrio, desbloqueio energ\u00e9tico e t\u00e9cnicas que (re)coloquem as pessoas em contato com a sua alma, sua ess\u00eancia e seu caminho de vida, o Espa\u00e7o Antahkarana promove o seu equil\u00edbrio integral. \n<br ><br >Trazendo clareza e consci\u00eancia sobre a sua vida e o que pode estar afetando ou limitando os seus potenciais.&nbsp;\n<br ><br >Nossos atendimentos auxiliam na tomada de decis\u00f5es e permitem uma interven\u00e7\u00e3o positiva e consciente sobre a&nbsp; sua energia e a sua vida como um todo.<br ><br >Estamos sempre em busca da nossa constante evolu\u00e7\u00e3o, tudo \u00e9 mut\u00e1vel e n\u00f3s tamb\u00e9m. A nossa sede por conhecimento \u00e9 o que os nos move. E por isso, buscamos sempre nos manter atualizados para oferecer nossos servi\u00e7os com integridade, sinceridade e verdade.&nbsp;<\/p><a class=\"button blue\" href=\"https:\/\/antahkarana.com.br\/pt?cat=4\" target=\"_self\" data-cp-link=\"1\" rel=\"noopener\">ATENDIMENTOS<\/a><\/div> <\/div> <div  class=\"row spaced-cols \" data-type=\"row\">    <div  class=\"col-xs-6\" data-type=\"column\"> <\/div> <\/div><\/div> <\/div><\/div> <\/div><div  id=\"cursos\" style=\"background-color: #ffffff;\" data-label=\"Cursos\" data-id=\"content-3\" data-export-id=\"content-3\" data-category=\"content\" class=\"content-3 content-section content-section-spacing\"><div > <div  class=\"row middle-xs\"><div  class=\"col-sm-7 full-col-left-padding full-col-right-padding\"> <div  class=\"row\"><div  data-type=\"column\" class=\"space-bottom-small content-title-col content-center-sm\"> <h5  class=\"\">CONHECIMENTO<\/h5> <h2  class=\"\">CURSOS E VENTOS<\/h2> <p  class=\"\">\nTemos diversos cursos e eventos que buscam promover o autoconhecimento, expans\u00e3o da consci\u00eancia e a realiza\u00e7\u00e3o pessoal.\n<br ><br >Cursos online e ao vivo em uma plataforma virtual de aprendizagem exclusiva, preparada e adaptada para a din\u00e2mica de cada curso.\n<br ><br >Todos os cursos s\u00e3o elaborados cuidadosamente para que todos tenham um bom aproveitamento do conte\u00fado te\u00f3rico e pr\u00e1tico.<\/p><a class=\"button blue\" href=\"https:\/\/antahkarana.com.br\/pt?cat=5\" target=\"_self\" data-cp-link=\"1\" rel=\"noopener\">CURSOS<\/a><\/div> <\/div> <div  class=\"row spaced-cols\" data-type=\"row\"> <div  class=\"col-xs-6\" data-type=\"column\">  <\/div>    <\/div><\/div> <div  class=\"col-sm-5 bg-image shadow-large-black revert-classes-holder\" data-bg=\"image\" style=\"background-image: url(&quot;https:\/\/antahkarana.com.br\/pt\/wp-content\/uploads\/2021\/04\/cropped-cropped-meditation-1384758_960_7201-e1619021562510.jpg&quot;);\"><\/div><\/div> <\/div><\/div><div  data-label=\"Ana Beatriz\" data-id=\"content--1\" data-export-id=\"content-7\" data-category=\"content\" class=\"content-7 content-section content-section-spacing\" id=\"ana-beatriz\" style=\"background-color: rgb(245, 250, 253);\"><div  class=\"gridContainer\"> <div  class=\"row middle-sm\"><div  class=\"col-sm-6 space-bottom-xs\" data-type=\"column\">  <h4  class=\"\">Ana Beatriz Cavalari<\/h4><p  class=\"\">\u201cMuitas pessoas buscam a cura de suas doen\u00e7as,seus problemas e de suas vidas atrav\u00e9s do olhar para fora mas a cura \u00e9 exatamente o contr\u00e1rio, \u00e9 o olhar para dentro e sempre se lembrar que a cura est\u00e1 em si mesmo \u00e9 s\u00f3 saber despert\u00e1-la e despertar o seus potenciais.\u201d<\/p> <a class=\"link\" href=\"https:\/\/antahkarana.com.br\/pt\/quem-somos-nos\" target=\"_self\" data-cp-link=\"1\" rel=\"noopener\">Saiba mais sobre n\u00f3s<\/a><\/div> <div  class=\"col-sm-6\" data-type=\"column\"> <h3  class=\"\">Equipe Antahkarana<\/h3><a data-cp-link=\"1\" href=\"https:\/\/antahkarana.com.br\/pt\/quem-somos-nos\" class=\"\" target=\"_self\" rel=\"noopener\"><img decoding=\"async\"  class=\"custom-image\" src=\"https:\/\/antahkarana.com.br\/pt\/wp-content\/uploads\/2021\/04\/cropped-cropped-WhatsApp-Image-2020-09-03-at-08.35.23-1-e1619100438145-1.jpeg\" title=\"cropped-cropped-WhatsApp-Image-2020-09-03-at-08.35.23-1-e1619100438145-1.jpeg\" alt=\"Espa\u00e7o Antahkarana\"><\/a><\/div> <\/div><\/div> <\/div><div  data-label=\"Rogerio\" data-id=\"content--2\" data-export-id=\"content-8\" data-category=\"content\" class=\"content-8 content-section content-section-spacing\" id=\"rogerio\" style=\"background-color: rgb(245, 250, 253);\"><div  class=\"gridContainer\"> <div  class=\"row middle-sm\"><div  class=\"col-sm-6 space-bottom-xs space-top-xs\" data-type=\"column\"> <a data-cp-link=\"1\" href=\"https:\/\/antahkarana.com.br\/pt\/quem-somos-nos\" class=\"\" target=\"_self\" rel=\"noopener\"><img decoding=\"async\"  class=\"custom-image\" src=\"https:\/\/antahkarana.com.br\/pt\/wp-content\/uploads\/2021\/04\/cropped-Rogerio-2.jpg\" title=\"cropped-Rogerio-2.jpg\" alt=\"Espa\u00e7o Antahkarana\"><\/a><\/div> <div  class=\"col-sm-6\" data-type=\"column\"> <h4  class=\"\">Rog\u00e9rio Buso<\/h4><p  class=\"\">\u201cOu nos esfor\u00e7amos para agirmos de acordo com nossa Integridade Interior, procurando nos manter verdadeiros, melhores e mais saud\u00e1veis a cada dia, ou seremos apenas mais uma pessoa presa e adormecida em um sistema e&nbsp;de uma sociedade cheia de armadilhas.\u201d<\/p> <a class=\"link\" href=\"https:\/\/antahkarana.com.br\/pt\/quem-somos-nos\" target=\"_self\" data-cp-link=\"1\" rel=\"noopener\">Saiba mais sobre n\u00f3s<\/a><\/div> <\/div><\/div> <\/div><div  id=\"fale-conosco\" data-label=\"Fale conosco\" data-id=\"contact-1\" data-export-id=\"contact-1\" data-category=\"contact\" class=\"contact-1 content-section content-section-spacing white-text\" data-parallax-depth=\"20\"><div  class=\"gridContainer\"> <div  class=\"row text-center\"><div  class=\"section-title-col\" data-type=\"column\"> <h2  class=\"\">Fale conosco<\/h2> <\/div> <\/div> <div  class=\"row text-center\"> <div  class=\"col-xs-12 col-sm-8 col-sm-offset-2 contact-form-wrapper inline-info\"> <div  class=\"card large-padding\"> <div  class=\"\" data-content-shortcode=\"mesmerize_contact_form shortcode=&quot;contact-form-7 id=&amp;amp;quot;127&amp;amp;quot; title=&amp;amp;quot;Formul\u00e1rio de contato 1&amp;amp;quot;&quot;\" data-editable=\"true\">\n<div class=\"wpcf7 no-js\" id=\"wpcf7-f127-o1\" lang=\"pt-BR\" dir=\"ltr\" data-wpcf7-id=\"127\">\n<div class=\"screen-reader-response\"><p role=\"status\" aria-live=\"polite\" aria-atomic=\"true\"><\/p> <ul><\/ul><\/div>\n<form action=\"\/pt\/wp-json\/wp\/v2\/pages\/6#wpcf7-f127-o1\" method=\"post\" class=\"wpcf7-form init\" aria-label=\"Formul\u00e1rios de contato\" novalidate=\"novalidate\" data-status=\"init\">\n<fieldset class=\"hidden-fields-container\"><input type=\"hidden\" name=\"_wpcf7\" value=\"127\" \/><input type=\"hidden\" name=\"_wpcf7_version\" value=\"6.1.1\" \/><input type=\"hidden\" name=\"_wpcf7_locale\" value=\"pt_BR\" \/><input type=\"hidden\" name=\"_wpcf7_unit_tag\" value=\"wpcf7-f127-o1\" \/><input type=\"hidden\" name=\"_wpcf7_container_post\" value=\"0\" \/><input type=\"hidden\" name=\"_wpcf7_posted_data_hash\" value=\"\" \/>\n<\/fieldset>\n<p><label> Nome<br \/>\n<span class=\"wpcf7-form-control-wrap\" data-name=\"your-name\"><input size=\"40\" maxlength=\"400\" class=\"wpcf7-form-control wpcf7-text wpcf7-validates-as-required\" aria-required=\"true\" aria-invalid=\"false\" value=\"\" type=\"text\" name=\"your-name\" \/><\/span> <\/label>\n<\/p>\n<p><label> E-mail<br \/>\n<span class=\"wpcf7-form-control-wrap\" data-name=\"your-email\"><input size=\"40\" maxlength=\"400\" class=\"wpcf7-form-control wpcf7-email wpcf7-validates-as-required wpcf7-text wpcf7-validates-as-email\" aria-required=\"true\" aria-invalid=\"false\" value=\"\" type=\"email\" name=\"your-email\" \/><\/span> <\/label>\n<\/p>\n<p><label> Assunto<br \/>\n<span class=\"wpcf7-form-control-wrap\" data-name=\"your-subject\"><input size=\"40\" maxlength=\"400\" class=\"wpcf7-form-control wpcf7-text wpcf7-validates-as-required\" aria-required=\"true\" aria-invalid=\"false\" value=\"\" type=\"text\" name=\"your-subject\" \/><\/span> <\/label>\n<\/p>\n<p><label> Mensagem (opcional)<br \/>\n<span class=\"wpcf7-form-control-wrap\" data-name=\"your-message\"><textarea cols=\"40\" rows=\"10\" maxlength=\"2000\" class=\"wpcf7-form-control wpcf7-textarea\" aria-invalid=\"false\" name=\"your-message\"><\/textarea><\/span> <\/label>\n<\/p>\n<p><input class=\"wpcf7-form-control wpcf7-submit has-spinner\" type=\"submit\" value=\"Enviar\" \/>\n<\/p><div class=\"wpcf7-response-output\" aria-hidden=\"true\"><\/div>\n<\/form>\n<\/div>\n<\/div><\/div> <\/div><\/div> <\/div><\/div>","protected":false},"excerpt":{"rendered":"<p>EQUIL\u00cdBRIO INTERIOR Bem-estar,equilibrio integral&nbsp; e autoconhecimento s\u00e3o as chaves para uma vIda mais realizada e n\u00f3s estamos aqui para te ajudar nesse processo.&nbsp; LEVEZA Atrav\u00e9s do equil\u00edbrio interior, ter\u00e1 mais clareza e firmeza em suas decis\u00f5es, se reconectar\u00e1 profundamente com si mesmo e viver\u00e1 uma vida cada vez mais de acordo com a sua ess\u00eancia&nbsp;&hellip; <br \/> <a class=\"read-more\" href=\"https:\/\/antahkarana.com.br\/pt\/\">Leia mais<\/a><\/p>\n","protected":false},"author":2,"featured_media":0,"parent":0,"menu_order":0,"comment_status":"closed","ping_status":"closed","template":"page-templates\/homepage.php","meta":{"footnotes":""},"class_list":["post-6","page","type-page","status-publish","hentry"],"_links":{"self":[{"href":"https:\/\/antahkarana.com.br\/pt\/wp-json\/wp\/v2\/pages\/6","targetHints":{"allow":["GET"]}}],"collection":[{"href":"https:\/\/antahkarana.com.br\/pt\/wp-json\/wp\/v2\/pages"}],"about":[{"href":"https:\/\/antahkarana.com.br\/pt\/wp-json\/wp\/v2\/types\/page"}],"author":[{"embeddable":true,"href":"https:\/\/antahkarana.com.br\/pt\/wp-json\/wp\/v2\/users\/2"}],"replies":[{"embeddable":true,"href":"https:\/\/antahkarana.com.br\/pt\/wp-json\/wp\/v2\/comments?post=6"}],"version-history":[{"count":30,"href":"https:\/\/antahkarana.com.br\/pt\/wp-json\/wp\/v2\/pages\/6\/revisions"}],"predecessor-version":[{"id":524,"href":"https:\/\/antahkarana.com.br\/pt\/wp-json\/wp\/v2\/pages\/6\/revisions\/524"}],"wp:attachment":[{"href":"https:\/\/antahkarana.com.br\/pt\/wp-json\/wp\/v2\/media?parent=6"}],"curies":[{"name":"wp","href":"https:\/\/api.w.org\/{rel}","templated":true}]}}