{"id":412,"date":"2021-05-24T06:16:36","date_gmt":"2021-05-24T06:16:36","guid":{"rendered":"https:\/\/antahkarana.com.br\/pt\/?page_id=412"},"modified":"2021-06-02T12:15:54","modified_gmt":"2021-06-02T12:15:54","slug":"jornada-da-transformacao","status":"publish","type":"page","link":"https:\/\/antahkarana.com.br\/pt\/jornada-da-transformacao\/","title":{"rendered":"Jornada da Transforma\u00e7\u00e3o"},"content":{"rendered":"<p style=\"text-align: center;\"><strong>JORNADA DA TRANSFORMA\u00c7\u00c3O<\/strong><\/p>\n<p style=\"text-align: center;\"><span style=\"color: #ff0000;\">Infelizmente os v\u00eddeos da Jornada da Transforma\u00e7\u00f5es n\u00e3o est\u00e3o mais dispon\u00edveis!<\/span><\/p>\n<p>&nbsp;<\/p>\n<p style=\"text-align: center;\">Obrigado pela participa\u00e7\u00e3o!!!<\/p>\n<p style=\"text-align: center;\">Por favor, compartilhe conosco o que achou desta jornada e fique \u00e0 vontade para entrar em contato e tirar suas d\u00favidas!<\/p>\n<p style=\"text-align: center;\">Esperamos que tenha gostado e que essa jornada seja o in\u00edcio de um grande ciclo de transforma\u00e7\u00e3o na sua vida!<\/p>\n<p style=\"text-align: center;\">At\u00e9 a pr\u00f3xima!!!!<\/p>\n","protected":false},"excerpt":{"rendered":"<p>JORNADA DA TRANSFORMA\u00c7\u00c3O Infelizmente os v\u00eddeos da Jornada da Transforma\u00e7\u00f5es n\u00e3o est\u00e3o mais dispon\u00edveis! &nbsp; Obrigado pela participa\u00e7\u00e3o!!! Por favor, compartilhe conosco o que achou desta jornada e fique \u00e0 vontade para entrar em contato e tirar suas d\u00favidas! Esperamos que tenha gostado e que essa jornada seja o in\u00edcio de um grande ciclo de&hellip; <br \/> <a class=\"read-more\" href=\"https:\/\/antahkarana.com.br\/pt\/jornada-da-transformacao\/\">Leia mais<\/a><\/p>\n","protected":false},"author":2,"featured_media":396,"parent":0,"menu_order":0,"comment_status":"closed","ping_status":"closed","template":"","meta":{"footnotes":""},"class_list":["post-412","page","type-page","status-publish","has-post-thumbnail","hentry"],"_links":{"self":[{"href":"https:\/\/antahkarana.com.br\/pt\/wp-json\/wp\/v2\/pages\/412","targetHints":{"allow":["GET"]}}],"collection":[{"href":"https:\/\/antahkarana.com.br\/pt\/wp-json\/wp\/v2\/pages"}],"about":[{"href":"https:\/\/antahkarana.com.br\/pt\/wp-json\/wp\/v2\/types\/page"}],"author":[{"embeddable":true,"href":"https:\/\/antahkarana.com.br\/pt\/wp-json\/wp\/v2\/users\/2"}],"replies":[{"embeddable":true,"href":"https:\/\/antahkarana.com.br\/pt\/wp-json\/wp\/v2\/comments?post=412"}],"version-history":[{"count":16,"href":"https:\/\/antahkarana.com.br\/pt\/wp-json\/wp\/v2\/pages\/412\/revisions"}],"predecessor-version":[{"id":451,"href":"https:\/\/antahkarana.com.br\/pt\/wp-json\/wp\/v2\/pages\/412\/revisions\/451"}],"wp:featuredmedia":[{"embeddable":true,"href":"https:\/\/antahkarana.com.br\/pt\/wp-json\/wp\/v2\/media\/396"}],"wp:attachment":[{"href":"https:\/\/antahkarana.com.br\/pt\/wp-json\/wp\/v2\/media?parent=412"}],"curies":[{"name":"wp","href":"https:\/\/api.w.org\/{rel}","templated":true}]}}